{"id":28602,"date":"2023-03-14T12:05:21","date_gmt":"2023-03-14T11:05:21","guid":{"rendered":"https:\/\/editions-b42.com\/distribution\/"},"modified":"2023-06-01T22:15:44","modified_gmt":"2023-06-01T20:15:44","slug":"distribution","status":"publish","type":"page","link":"https:\/\/editions-b42.com\/en\/distribution\/","title":{"rendered":"Distribution"},"content":{"rendered":"<h4 class=\"wp-block-heading\">FRANCE<\/h4><p><strong>Anderlecht<\/strong><br\/>Papyrus Book<\/p><p><strong>Aix-en-Provence<\/strong><br\/>La B\u00e9d\u00e9rie<br\/>De Provence<br\/>Harmonia Mundi<br\/>Goulard<br\/>Fnac<\/p><p><strong>Albi<\/strong><br\/>Gaia Librairie<\/p><p><strong>Alen\u00e7on<\/strong><br\/>Le Passage<\/p><p><strong>Al\u00e8s<\/strong><br\/>Sauramps en C\u00e9vennes<\/p><p><strong>Alfortville<\/strong><br\/>L\u2019\u00c9tabli<\/p><p><strong>Amiens<\/strong><br\/>Pages d\u2019Encre<br\/>Martelle<\/p><p><strong>Anduze<\/strong><br\/>Porte des Mots<\/p><p><strong>Angers<\/strong><br\/>Contact<br\/>Fnac<br\/>Richer<\/p><p><strong>Angoul\u00eame<\/strong><br\/>Chapitre<br\/>Cosmopolite<br\/>Cit\u00e9 Internationale de la BD et de l\u2019Image<br\/>M.C.L. Librairie<\/p><p><strong>Annecy<\/strong><br\/>BD Fugue<br\/>Fnac<br\/>La Librairie Imaginaire<\/p><p><strong>Antibes<\/strong><br\/>Librairie d\u2019Antibes<\/p><p><strong>Arles<\/strong><br\/>Actes Sud<br\/>Harmonia Mundi<\/p><p><strong>Arras<\/strong><br\/>La Grande Librairie<\/p><p><strong>Aubervilliers<\/strong><br\/>Les Mots Passants<\/p><p><strong>Aubusson<\/strong><br\/>La Licorne<\/p><p><strong>Audincourt<\/strong><br\/>Les Papiers Bavards<\/p><p><strong>Avallon<\/strong><br\/>L\u2019Autre Monde<\/p><p><strong>Avignon<\/strong><br\/>La M\u00e9moire du Monde<\/p><p><strong>Bais<\/strong><br\/>Castel Diffusion<\/p><p><strong>Bar-le-Duc<\/strong><br\/>La Fabrique<\/p><p><strong>Bayonne<\/strong><br\/>Fnac<\/p><p><strong>Beaune<\/strong><br\/>Distribeaune \u2013 Espace Culturel Leclerc<\/p><p><strong>Beauvais<\/strong><br\/>Dubois 60<br\/>Fnac<\/p><p><strong>Belfort<\/strong><br\/>Fnac<\/p><p><strong>Bergerac<\/strong><br\/>La Colline aux Livres<\/p><p><strong>Besan\u00e7on<\/strong><br\/>L\u2019Intranquille Piazza<br\/>Mine de Rien<br\/>Sandales d\u2019Empedocle<br\/>Forum<\/p><p><strong>Betton<\/strong><br\/>Gargan\u2019Mots<\/p><p><strong>Biarritz<\/strong><br\/>Bookstore<br\/>Le Festin Nu<\/p><p><strong>Blois<\/strong><br\/>Labbe<br\/>Sobledis \u2013 Leclerc<\/p><p><strong>Bordeaux<\/strong><br\/>CAPC<br\/>Fnac<br\/>Krazy Kat<br\/>La Machine \u00e0 Lire<br\/>La Mauvaise R\u00e9putation<br\/>Le Passeur<br\/>Mollat<br\/>Olympique<\/p><p><strong>Boulogne- Billancourt<\/strong><br\/>Fnac<br\/>Le Comptoir de la BD<br\/>Les Mots et les Choses<\/p><p><strong>Bourges<\/strong><br\/>La Poterne<\/p><p><strong>Brest<\/strong><br\/>Dialogues<br\/>Fnac<br\/>La Petite Librairie<\/p><p><strong>Brive<\/strong><br\/>La Baignoire d\u2019Archim\u00e8de<br\/>Privat<\/p><p><strong>Cachan<\/strong><br\/>Chroniques<\/p><p><strong>Caen<\/strong><br\/>Au Brouillon de Culture<br\/>BD R\u2019Art<br\/>Eureka Street<br\/>Fermeture \u00c9clair<br\/>Fnac<br\/>La Cour des Miracles<br\/>Leclerc<br\/>Librairie Guillaume<\/p><p><strong>Cahors<\/strong><br\/>Calligramme<\/p><p><strong>Cannes<\/strong><br\/>Fnac<\/p><p><strong>Carcasonne<\/strong><br\/>Mots et Cie<\/p><p><strong>Castres<\/strong><br\/>Graffiti<\/p><p><strong>Cavaillon<\/strong><br\/>Le L\u00e9zard Amoureux<\/p><p><strong>Cergy Pontoise<\/strong><br\/>Le Grand Cercle<\/p><p><strong>Chabeuil<\/strong><br\/>JM \u00c9criture<\/p><p><strong>Chambery<\/strong><br\/>Paraf<br\/>Librairie Jean-Jacques Rousseau<\/p><p><strong>Charlieu<\/strong><br\/>Le Carnet \u00e0 Spirale<\/p><p><strong>Chartres<\/strong><br\/>L\u2019esperlu\u00e8te<\/p><p><strong>Chaumont<\/strong><br\/>Librairie Apostrophe<\/p><p><strong>Cholet<\/strong><br\/>Prologue<\/p><p><strong>Clermont-Ferrand<\/strong><br\/>Fnac<br\/>Les Volcans<br\/>Momie Mangas<br\/>Privat<\/p><p><strong>Conflans-Sainte- Honorine<\/strong><br\/>Horizon \u00c9ducation<\/p><p><strong>Courbevoie<\/strong><br\/>Feuilles de Bruy\u00e8re<\/p><p><strong>Crest<\/strong><br\/>La Balan\u00e7oire<\/p><p><strong>Croix<\/strong><br\/>La Boutique du Lieu<\/p><p><strong>Die<\/strong><br\/>Mosa\u00efque<\/p><p><strong>Digne-Les-Bains<\/strong><br\/>La Ruelle<\/p><p><strong>Dijon<\/strong><br\/>Fnac<br\/>Grangier<br\/>Privat<\/p><p><strong>Dinan<\/strong><br\/>Le Grenier<\/p><p><strong>Dole<\/strong><br\/>Librairie Passerelle<\/p><p><strong>Douai<\/strong><br\/>La Charpente<br\/>Privat<\/p><p><strong>Draguignan<\/strong><br\/>La Pais<\/p><p><strong>Dreux<\/strong><br\/>La Rose des Vents<\/p><p><strong>Dunkerque<\/strong><br\/>La Mare aux Diables<\/p><p><strong>Enghien-les-Bains<\/strong><br\/>Impressions<\/p><p><strong>\u00c9pinal<\/strong><br\/>Panorama 88 \u2013 Quai des Mots<\/p><p><strong>Figeac<\/strong><br\/>Le Livre en F\u00eate<br\/>Librairie Champollion<\/p><p><strong>Fontainebleau<\/strong><br\/>Librairie du March\u00e9<\/p><p><strong>Forcalquier<\/strong><br\/>La Carline<\/p><p><strong>Gap<\/strong><br\/>Davagnier<\/p><p><strong>Gardanne<\/strong><br\/>Aux Vents des Mots<\/p><p><strong>Gif-sur-Yvette<\/strong><br\/>Libur Liragif<br\/>Gallix<\/p><p><strong>Granville<\/strong><br\/>Le D\u00e9tour<\/p><p><strong>Grenoble<\/strong><br\/>Arthaud<br\/>Fnac<br\/>La D\u00e9rive<br\/>Les Modernes<br\/>Le Magasin<br\/>Le Square<\/p><p><strong>Guingamp<\/strong><br\/>Mots et Images<\/p><p><strong>Haguenau<\/strong><br\/><strong>Vincenti-Urscheller<\/strong><\/p><p><strong>Hy\u00e8res<\/strong><br\/>La Soupe de l\u2019Espace<br\/>Relais Charlemagne<\/p><p><strong>Ivry-sur-Seine<\/strong><br\/>Envie de Lire<br\/>Fnac<br\/>La G\u00e9n\u00e9rale<br\/>Libre Diffusion<\/p><p><strong>Joinville<\/strong><br\/>Mille et une Pages<\/p><p><strong>La Bernerie-en- Retz<\/strong><br\/>L\u2019Embellie<\/p><p><strong>La Ciotat<\/strong><br\/>Au Poivre D\u2019\u00c2ne<\/p><p><strong>La Garenne- Colombes<\/strong><br\/>Les Mots en Marge<\/p><p><strong>La Roche-sur-Yon<\/strong><br\/>Agora<\/p><p><strong>La Rochelle<\/strong><br\/>Grefine<br\/>Les Saisons<br\/>Tristealegria<\/p><p><strong>Lagord<\/strong><br\/>Charentais \u2013 Espace Culturel Leclerc<\/p><p><strong>Lamballe<\/strong><br\/>Tregordis \u2013 Espace Culturel<\/p><p><strong>Lamnay<\/strong><br\/>Chapitre<\/p><p><strong>Lannion<\/strong><br\/>Gwalarn<\/p><p><strong>Laval<\/strong><br\/>M\u2019lire<\/p><p><strong>Le Chesnay<\/strong><br\/>Bain d\u2019Encre<br\/>Fnac<\/p><p><strong>Le Havre<\/strong><br\/>La Galerne<\/p><p><strong>Le Mans<\/strong><br\/>Doucet<br\/>L\u2019Herbe entre les Dalles<br\/>R\u00e9cr\u00e9alivre<br\/>Thuard<\/p><p><strong>Le Pr\u00e9-Saint- Gervais<\/strong><br\/>Temps-Livre<\/p><p><strong>Les Andelys<\/strong><br\/>Au Marque Page<\/p><p><strong>Les Rousses<\/strong><br\/>Vent de terre<\/p><p><strong>Lesneven<\/strong><br\/>Saint-Christophe<\/p><p><strong>Lille<\/strong><br\/>BD + Caf\u00e9<br\/>Fnac<br\/>Le Bateau Livre<\/p><p><strong>Limoges<\/strong><br\/>Anecdotes<br\/>Cultura<br\/>Fnac<br\/>Page et Plume<\/p><p><strong>Lisieux<\/strong><br\/>Centre Culturel Leclerc<\/p><p><strong>Lomme<\/strong><br\/>Furet du Nord<\/p><p><strong>Lorient<\/strong><br\/>Au Vent des Mots<br\/>Fnac<br\/>Quand les Livres s\u2019ouvrent<\/p><p><strong>Lourdes<\/strong><br\/>Le Square<\/p><p><strong>Lyon<\/strong><br\/>A Tire d\u2019Aile<br\/>Archipel<br\/>L\u2019Astragale<br\/>La Bande Dessin\u00e9e<br\/>Decitre<br\/>Exp\u00e9rience<br\/>L\u2019Esprit Libre<br\/>Fnac<br\/>Gibert Joseph<br\/>Le Bal des Ardents<br\/>Le Livre en Pente<br\/>Michel Descours<br\/>Momie Mangas<br\/>Ouvrir l\u2019\u0152il<br\/>Passages<br\/>Raconte moi la Terre<br\/>Privat<br\/>Rive Gauche<br\/>Terre des Livres<br\/>Vivement Dimanche<br\/>Voie aux Chapitres<\/p><p><strong>Manosque<\/strong><br\/>Le Petit Pois<br\/>Le Poivre d\u2019\u00c2ne<\/p><p><strong>Marne-la-Vall\u00e9e<\/strong><br\/>\u00c9cosph\u00e8re<\/p><p><strong>Marseille<\/strong><br\/>La Salle des Machines<br\/>Fnac<br\/>L\u2019Histoire de l\u2019\u0152il<br\/>La Reserve \u00e0 Bulles<br\/>Le Li\u00e8vre de Mars<br\/>Librairie de l\u2019Arbre<br\/>L\u2019Odeur du Temps<br\/>Librairie du MUCEM<br\/>Prado Paradis<\/p><p><strong>Martigues<\/strong><br\/>Alin\u00e9a<\/p><p><strong>Massy<\/strong><br\/>Dawson<\/p><p><strong>Merignac<\/strong><br\/>Cultura<\/p><p><strong>Metz<\/strong><br\/>Au Carr\u00e9 des Bulles<br\/>Autour du Monde<br\/>Le Pr\u00e9au<br\/>Librairie d\u2019en Face<\/p><p><strong>Moisselles<\/strong><br\/>Sodiam \u2013 Leclerc<\/p><p><strong>Molsheim<\/strong><br\/>Art\u00e9mis Librairie des \u00c9tudiants<\/p><p><strong>Mons<\/strong><br\/>Andr\u00e9 Leto<br\/>Scientia<\/p><p><strong>Mont-de-Marsan<\/strong><br\/>Caract\u00e8res<\/p><p><strong>Mont-Saint-Aignan<\/strong><br\/>Librairie Colbert<br\/>Privat<\/p><p><strong>Montauban<\/strong><br\/>La Femme Renard<\/p><p><strong>Monceau-les-Mines<\/strong><br\/>Sodimont \u2013 Espace Culturel<\/p><p><strong>Montigny-le-Bretoneux<\/strong><br\/>Le Pav\u00e9 du Canal<\/p><p><strong>Montpellier<\/strong><br\/>Azimuts<br\/>Fnac<br\/>L\u2019Ivraie<br\/>Le Grain des Mots \u2013 Alin\u00e9a<br\/>Sauramps Odysseum<br\/>Sauramps et Cie<\/p><p><strong>Montreuil<\/strong><br\/>Colibrije<br\/>Folies d\u2019Encre<\/p><p><strong>Morlaix<\/strong><br\/>Dialogues<\/p><p><strong>Mulhouse<\/strong><br\/>47\u00b0 Nord<br\/>Bisey<br\/>Fnac<\/p><p><strong>Nancy<\/strong><br\/>L\u2019Autre Rive<br\/>Fnac<br\/>La Parenth\u00e8se<br\/>Le Hall du Livre<br\/>Privat<\/p><p><strong>Nantes<\/strong><br\/>Coiffard<br\/>Fnac<br\/>Durance<br\/>Vent d\u2019Ouest au Lieu Unique<br\/>Vent d\u2019Ouest<br\/>La Vie devant Soi<br\/>Le Voyage \u00e0 Nantes<br\/>Myst\u00e9rieuse Librairie Nantaise<br\/>Story BD<\/p><p><strong>Narbonne<\/strong><br\/>BD &amp; Cie<\/p><p><strong>Nerac<\/strong><br\/>La Maison des Feuilles<\/p><p><strong>Neufchateau<\/strong><br\/>Librairie Lambert<\/p><p><strong>Neufchatel<\/strong><br\/>Fnac<\/p><p><strong>Nevers<\/strong><br\/>Le Cypr\u00e8s<\/p><p><strong>Nice<\/strong><br\/>Jean Jaur\u00e8s<br\/>Fnac<br\/>Massena<br\/>Privat<br\/>La Sorbonne<\/p><p><strong>N\u00eemes<\/strong><br\/>Aux Lettres de mon Moulin<br\/>Carr\u00e9 d\u2019Art<br\/>Goyard<\/p><p><strong>Niort<\/strong><br\/>La Librairie des Halles<\/p><p><strong>Noisy-le-Grand<\/strong><br\/>Folies d\u2019Encre<\/p><p><strong>Obernai<\/strong><br\/>Le Libr\u2019air<\/p><p><strong>Oloron-Sainte-Marie<\/strong><br\/>Oloris \u2013 Espace Leclerc<\/p><p><strong>Onet-le-Chateau<\/strong><br\/>Sebadis \u2013 Espace Leclerc<\/p><p><strong>Oraison<\/strong><br\/>Arbousier<\/p><p><strong>Orl\u00e9ans<\/strong><br\/>Chantelivre<br\/>Fnac<br\/>Les Temps Modernes<br\/>Lire<br\/>Chapitre<\/p><p><strong>Paris<\/strong><br\/>L\u2019Acacia<br\/>Albin Michel<br\/>Album<br\/>L\u2019Appel du Livre<br\/>L\u2019Arbre \u00e0 Lettres<br\/>L\u2019Arbre du Voyageur<br\/>Les Arpenteurs<br\/>Artazart<br\/>Artcurial<br\/>L\u2019Art de la Joie<br\/>Arteum<br\/>Art\u2019s Factory<br\/>L\u2019Atelier<br\/>L\u2019Atelier 9<br\/>\u00c0 Tout Lire<br\/>Attrape-coeur<br\/>Aude<br\/>Aux Amateurs de Livres<br\/>Aux Quatre Vents<br\/>Bulles de Salon \u2013 Librairie Daguer<br\/>Bulles en T\u00eate<br\/>Bulles en Vrac<br\/>BHV<br\/>Le Bon March\u00e9<br\/>Les Buveurs d\u2019Encre<br\/>Les Cahiers de Colette<br\/>Librairie du Canal<br\/>Le Centre Culturel Suisse<br\/>Le Centre des Monuments Nationaux<br\/>Le Centre d\u2019Exploration du Livre<br\/>Chapitre<br\/>Le Chat Pitre<br\/>Comme un Roman<br\/>Compagnie<br\/>Le Comptoir des Lettres<br\/>Le Comptoir des Mots<br\/>Le Coupe-Papier<br\/>Librairie Danton<br\/>Delamain<br\/>La Derni\u00e8re Marge \/ La Friche<br\/>Le Divan<br\/>Dragon Savant<br\/>Librairie du Square<br\/>L\u2019\u00e9cume des Pages<br\/>Les \u00c9diteurs Associ\u00e9s<br\/>\u00c9lectre \u2013 Charlotte de Tassigny<br\/>\u00c9quipages<br\/>Librairie de l\u2019Escalier<br\/>Eyrolles<br\/>Flammarion Centre Pompidou<br\/>Fnac<br\/>Fontaine Passy<br\/>Galeries Lafayettes<br\/>Galignani<br\/>Gallimard<br\/>Le Genre Urbain<br\/>Gibert Joseph<br\/>Gibert Jeune<br\/>La Girafe et la Lune<br\/>Gladieux<br\/>Les Guetteurs de Vent<br\/>Groupe Moniteur<br\/>L\u2019Harmattan<br\/>L\u2019Humeur Vagabonde<br\/>Librairie Ignazi Michele<br\/>Imagigraph<br\/>L\u2019Iris Noir<br\/>Jeu de Paume<br\/>Junkudo<br\/>Lamartine<br\/>Librairie des Abbesses<br\/>Librairie des Batignolles<br\/>Libralire<br\/>Lis Voir<br\/>Litote en T\u00eate<br\/>Le Livre \u00c9carlate<br\/>Les Livres d\u2019Or<br\/>La Lucarne<br\/>La Man\u0153uvre<br\/>Mati\u00e8re \u00e0 Lire<br\/>Le Merle Moqueur<br\/>Mk2 Quai de Loire<br\/>Librairie du Moniteur<br\/>Le Monte en l\u2019air<br\/>Les Mots \u00e0 la Bouche<br\/>Librairie du Mus\u00e9e d\u2019Art Moderne de la ville de Paris<br\/>Nordest<br\/>Les Oiseaux Rares<br\/>L\u2019Ouvre-Bo\u00eete<br\/>Page 189<br\/>Palais De Tokyo<br\/>Palimpseste<br\/>Parall\u00e8les<br\/>Librairie du Parc<br\/>Librairie de Paris<br\/>Petite \u00c9gypte<br\/>Petite Lumi\u00e8re<br\/>Picard Epona<br\/>Philippe Le Libraire<br\/>La Plan\u00e8te Dessin<br\/>Planlibre<br\/>Le Point du Jour<br\/>Procure M\u00e9zi\u00e8res<br\/>Pygmalion -Librairie de la BNF<br\/>Quilombo<br\/>R\u00e9union des Mus\u00e9es Nationaux<br\/>Le Rideau Rouge<br\/>Librairie du Rond Point<br\/>Librairie Sciences Politiques<br\/>La Sardine \u00e0 Lire<br\/>Section 7 Books<br\/>Super H\u00e9ros<br\/>Texture<br\/>Tropiques<br\/>La Travers\u00e9e<br\/>Tschann<br\/>L\u2019Usager du Monde<br\/>Vendredi<br\/>Les Vents d\u2019Ailleurs<br\/>Violette and Co<br\/>Volume<br\/>Vrin<br\/>Wallonie Bruxelles<br\/>You-Feng<br\/>Yvon Lambert<\/p><p><strong>Pau<\/strong><br\/>Bachi-Bouzouk!<br\/>L\u2019Escampette<br\/>Espace Culturel Leclerc \u2013 Univerdis<br\/>Fnac<br\/>Tonnet<\/p><p><strong>P\u00e9rigueux<\/strong><br\/>Des Livres et Nous<br\/>La Madragore<\/p><p><strong>Perpignan<\/strong><br\/>Privat<br\/>Torcatis<\/p><p><strong>Perros-Guirec<\/strong><br\/>Tom Librairie<\/p><p><strong>Pertuis<\/strong><br\/>Mot \u00e0 Mot<\/p><p><strong>Pessac<\/strong><br\/>45e Parall\u00e8le<\/p><p><strong>Plan-de-Grasse<\/strong><br\/>Arts et Livres<\/p><p><strong>Poitiers<\/strong><br\/>La Belle Aventure<br\/>Fnac<\/p><p><strong>Pontoise<\/strong><br\/>Lettres et Merveilles<\/p><p><strong>Porto-Vecchio<\/strong><br\/>Le Verbe du Soleil<\/p><p><strong>Portet-sur- Garonne<\/strong><br\/>Comptoir du Livre<\/p><p><strong>Privas<\/strong><br\/>Lafontaine<\/p><p><strong>Quimper<\/strong><br\/>Espace Culturel<br\/>Le Quartier<br\/>Librairie et Curiosit\u00e9<br\/>Procuer<br\/>Ravy<\/p><p><strong>Reims<\/strong><br\/>Amory<br\/>La Belle Image<br\/>Guerlin Colbert<br\/>Fnac<\/p><p><strong>Rennes<\/strong><br\/>Fnac<br\/>La Cour des Miracles<br\/>La Courte \u00c9chelle<br\/>Le Failler<br\/>M\u2019Enfin<br\/>Privat<\/p><p><strong>Riom<\/strong><br\/>Horizons<\/p><p><strong>Roanne<\/strong><br\/>Forum<\/p><p><strong>Rosny-sous-Bois<\/strong><br\/>Fnac<\/p><p><strong>Rodez<\/strong><br\/>Maison du Livre<\/p><p><strong>Romans-sur-Is\u00e8re<\/strong><br\/>Des Cordeliers<\/p><p><strong>Roubaix<\/strong><br\/>Autour des Mots<br\/>Les Nouvelles Lisi\u00e8res<\/p><p><strong>Rouen<\/strong><br\/>Au Grand Nul Part<br\/>L\u2019Armiti\u00e8re<br\/>Librairie Elisabeth Brunet<br\/>Fnac<\/p><p><strong>Saint-Denis<\/strong><br\/>Autrement<br\/>Folies d\u2019Encre<\/p><p><strong>Saint-Die<\/strong><br\/>Le Neuf<\/p><p><strong>Saint-\u00c9tienne<\/strong><br\/>Librairie des Croquelinottes<br\/>Cit\u00e9 du Design<br\/>L\u2019\u00c9trange Rendez-Vous<br\/>Forum<br\/>Lune et l\u2019Autre<br\/>Boutique du Mus\u00e9e d\u2019Art Moderne<br\/>Librairie de Paris<\/p><p><strong>Saint-Girons<\/strong><br\/>La Mousson<\/p><p><strong>Saint-Jean-de-Luz<\/strong><br\/>Le 5e Art<\/p><p><strong>Saint-Lo<\/strong><br\/>Planet\u2019R<\/p><p><strong>Saint-Louis<\/strong><br\/>Alcoba \u2013 Espace Lerclerc<\/p><p><strong>Saint-Mand\u00e9<\/strong><br\/>Mots et Motions<\/p><p><strong>Saint-Maur-Des-Foss\u00e9s<\/strong><br\/>La Griffe Noire<\/p><p><strong>Saint-M\u00e9dard-en-Jalles<\/strong><br\/>Espace Culture Sofile M\u00e9dia<\/p><p><strong>Saint-Nazaire<\/strong><br\/>L\u2019Embarcad\u00e8re<\/p><p><strong>Saint-Ouen<\/strong><br\/>Folies d\u2019Encre<\/p><p><strong>Saint-Paul-Trois-Ch\u00e2teaux<\/strong><br\/>Librairie des Cinq Continents<\/p><p><strong>Saint-Pol-de-L\u00e9on<\/strong><br\/>Livres in Room<\/p><p><strong>Saint-Maximin<\/strong><br\/>Fnac<\/p><p><strong>Sainte-Genevi\u00e8ve-des-Bois<\/strong><br\/>Fnac<\/p><p><strong>Sainte-Luce-Sur-Loire<\/strong><br\/>Les Lucettes Librairie<\/p><p><strong>Saint-Syphorien-sur-Coise<\/strong><br\/>Le Sens des Mots<\/p><p><strong>Sceaux<\/strong><br\/>Le Roi Lire<\/p><p><strong>Schiltigheim<\/strong><br\/>Totem<\/p><p><strong>Sedan<\/strong><br\/>Carpe Diem<\/p><p><strong>S\u00e8te<\/strong><br\/>L\u2019\u00c9chapp\u00e9e Belle<br\/>Nouvelle Librairie Setoise<\/p><p><strong>Strasbourg<\/strong><br\/>Des Bateliers<br\/>Bouquilette<br\/>\u00c7a Va Buller<br\/>Fnac<br\/>Kleber \u2013 Mus\u00e9e d\u2019art Moderne<br\/>Librairie de la Presqu\u2019\u00eele<br\/>Quai Des Brumes<\/p><p><strong>Sucy-en-Brie<\/strong><br\/>Cambon<br\/>Side<\/p><p><strong>Suresnes<\/strong><br\/>Le Point de Cot\u00e9<\/p><p><strong>Talence<\/strong><br\/>Georges<\/p><p><strong>Tarbes<\/strong><br\/>Le Temps Retrouv\u00e9<br\/>M\u00e9ridien \u2013 Espace Culturel Leclerc<\/p><p><strong>Thionville<\/strong><br\/>Espace Culturel Leclerc<\/p><p><strong>Thouars<\/strong><br\/>Brin de Lecture<\/p><p><strong>Toulon<\/strong><br\/>Le Carr\u00e9 des Mots<br\/>Charlemagne<br\/>Fnac<\/p><p><strong>Toulouse<\/strong><br\/>Les Abattoirs<br\/>BD Refuge Caf\u00e9<br\/>Librairie \u00c9tudes<br\/>Floury Fr\u00e8res<br\/>Fnac<br\/>Librairie des Lois<br\/>Nouvelle Librairie Toulousaine<br\/>Nouvelle Tire Lire<br\/>Ombres Blanches<br\/>Terra Nova<br\/>Terre de L\u00e9gende<\/p><p><strong>Tournai<\/strong><br\/>D\u00e9calonne<\/p><p><strong>Tours<\/strong><br\/>Bedelire<br\/>La Boite \u00e0 Livres<br\/>Fnac<br\/>Le Livre<br\/>Libr\u2019enfant<\/p><p><strong>Tr\u00e9guier<\/strong><br\/>Le Bel Aujourd\u2019hui<\/p><p><strong>Trelissac<\/strong><br\/>Trelidis \u2013 Marbot Espace Culturel<\/p><p><strong>Troyes<\/strong><br\/>Les Passeurs de Textes<\/p><p><strong>Uzes<\/strong><br\/>Parfeuille<\/p><p><strong>Valence<\/strong><br\/>L\u2019\u00c9tincelle<br\/>Fnac<br\/>La Licorne<br\/>Notre Temps<\/p><p><strong>Vassivi\u00e8re<\/strong><br\/>Centre International d\u2019art et du paysage<\/p><p><strong>V\u00e9lizy-Villacourbay<\/strong><br\/>Fnac<\/p><p><strong>Vernon<\/strong><br\/>La Compagnie des Livres<\/p><p><strong>Versailles<\/strong><br\/>Le Livre Bleu<\/p><p><strong>Vichy<\/strong><br\/>La Grande Librairie<\/p><p><strong>Vienne<\/strong><br\/>Lucioles<\/p><p><strong>Villebon-sur-Yvette<\/strong><br\/>Fnac<\/p><p><strong>Villefranche-sur-Roergue<\/strong><br\/>La Folie Avoine<\/p><p><strong>Villeneuve-de-Berg<\/strong><br\/>Au Temps Retrouv\u00e9<\/p><p><strong>Vitry-sur-Seine<\/strong><br\/>Gibert Joseph<br\/>Le Tome 47<\/p><p><strong>Wissembourg<\/strong><br\/>\u00c0 Livre Ouvret<\/p><p><strong>Wissous<\/strong><br\/>Danton<br\/>Aliz\u00e9<\/p><p><\/p><h4 class=\"wp-block-heading\">SUISSE<\/h4><p><strong>Zurich<\/strong><br\/>Kunstgriff<br\/>Dings<br\/>On Y Va<br\/>Grand<br\/>Hochparterre<br\/>Cabaret Voltaire<br\/>Manu Propria<\/p><p><strong>B\u00e2le<\/strong><br\/>Domus-Haus Buchhandlung<br\/>Set and Sekt<\/p><p><strong>Gen\u00e8ve<\/strong><br\/>Fnac<\/p><p><strong>Lausanne<\/strong><br\/>Fnac<\/p><p><strong>Fribourg<\/strong><br\/>Lowrider<\/p><h4 class=\"wp-block-heading\">BELGIQUE<\/h4><p><strong>Ath<\/strong><br\/>Actissa<br\/>Librairie SRPL<\/p><p><strong>Bruxelles<\/strong><\/p><p>\u00c0 Livre Ouvert<br\/>Alpha Librairie Universitaire<br\/>Bozartshop<br\/>Candide<br\/>Cook &amp; book<br\/>Filigranes<br\/>Fnac<br\/>Poetini<br\/>Indications<br\/>La Licorne<br\/>Peinture Fra\u00eeche<br\/>Quartiers Latins<br\/>Tropismes<br\/>Les Yeux Gourmands<\/p><p><strong>Charleroi<\/strong><br\/>Librairie Moli\u00e8re<br\/>Orbitale \u2013 Le Vecteur<\/p><p><strong>Dour<\/strong><br\/>Neopolis<\/p><p><strong>Ixelles<\/strong><br\/>Ptyx<\/p><p><strong>Li\u00e8ge<\/strong><br\/>Entre-Temps \u2013 Barricade<br\/>Pax<br\/>Libris Agora<br\/>Livre aux Tr\u00e9sors<\/p><p><strong>Louvain-la-Neuve<\/strong><br\/>Fnac<\/p><p><strong>Namur<\/strong><br\/>Papyrus<br\/>Point Virgule<\/p><p><strong>Waterloo<\/strong><br\/>Graffiti<\/p><p><strong>Wezembeek-Oppem<\/strong><br\/>Au Fond d\u2019Bulles<\/p><h4 class=\"wp-block-heading\">CANADA<\/h4><p><strong>Montr\u00e9al<\/strong><br\/>Zone Libre<\/p>","protected":false},"excerpt":{"rendered":"<p>FRANCE AnderlechtPapyrus Book Aix-en-ProvenceLa B\u00e9d\u00e9rieDe ProvenceHarmonia MundiGoulardFnac AlbiGaia Librairie Alen\u00e7onLe Passage Al\u00e8sSauramps en C\u00e9vennes AlfortvilleL\u2019\u00c9tabli AmiensPages d\u2019EncreMartelle AnduzePorte des Mots AngersContactFnacRicher Angoul\u00eameChapitreCosmopoliteCit\u00e9 Internationale de la BD et de l\u2019ImageM.C.L. Librairie AnnecyBD FugueFnacLa Librairie Imaginaire AntibesLibrairie d\u2019Antibes ArlesActes SudHarmonia Mundi ArrasLa Grande Librairie AubervilliersLes Mots Passants AubussonLa Licorne AudincourtLes Papiers Bavards AvallonL\u2019Autre Monde AvignonLa M\u00e9moire du [&hellip;]<\/p>\n","protected":false},"author":2,"featured_media":0,"parent":0,"menu_order":0,"comment_status":"closed","ping_status":"closed","template":"","meta":{"_acf_changed":false,"_seopress_robots_primary_cat":"","_seopress_titles_title":"","_seopress_titles_desc":"","_seopress_robots_index":"","footnotes":""},"class_list":["post-28602","page","type-page","status-publish","hentry"],"acf":[],"jetpack_sharing_enabled":true,"_links":{"self":[{"href":"https:\/\/editions-b42.com\/en\/wp-json\/wp\/v2\/pages\/28602","targetHints":{"allow":["GET"]}}],"collection":[{"href":"https:\/\/editions-b42.com\/en\/wp-json\/wp\/v2\/pages"}],"about":[{"href":"https:\/\/editions-b42.com\/en\/wp-json\/wp\/v2\/types\/page"}],"author":[{"embeddable":true,"href":"https:\/\/editions-b42.com\/en\/wp-json\/wp\/v2\/users\/2"}],"replies":[{"embeddable":true,"href":"https:\/\/editions-b42.com\/en\/wp-json\/wp\/v2\/comments?post=28602"}],"version-history":[{"count":0,"href":"https:\/\/editions-b42.com\/en\/wp-json\/wp\/v2\/pages\/28602\/revisions"}],"wp:attachment":[{"href":"https:\/\/editions-b42.com\/en\/wp-json\/wp\/v2\/media?parent=28602"}],"curies":[{"name":"wp","href":"https:\/\/api.w.org\/{rel}","templated":true}]}}