{"id":28595,"date":"2023-03-14T12:05:06","date_gmt":"2023-03-14T11:05:06","guid":{"rendered":"https:\/\/editions-b42.com\/archives\/"},"modified":"2025-11-17T10:49:19","modified_gmt":"2025-11-17T09:49:19","slug":"archives","status":"publish","type":"page","link":"https:\/\/editions-b42.com\/en\/archives\/","title":{"rendered":"Archives"},"content":{"rendered":"<p><strong>2008<\/strong><br><em>\u2022 Back Cover<\/em>&nbsp;n\u00ba1, collectif, B42-00<br><em>\u2022 Grand chaos et tiroirs,<\/em>&nbsp;Claire Moul\u00e8ne&nbsp;et Mathilde Villeneuve (dir.), B42-01<\/p><p><strong>2009<\/strong><br><em>\u2022 H5. This is the end<\/em>, Alexis Bernier, Adrian Shaughnessy, Yorgo Tloupas, B42-03<br><em>\u2022 Le Gouvernail hydraulicien,<\/em>&nbsp;Anthony Duch\u00eane, \u00c9mile Soulier, B42-04<br><em>\u2022 Back Cover<\/em>&nbsp;n\u00ba2, collectif, B42-02<br><em>\u2022 Chronologie lacunaire du skateboard<\/em>, Rapha\u00ebl Zarka, B42-06<br><em>\u2022 Evariste Richer. Slow Snow,<\/em>&nbsp;collectif, B42-05<\/p><p><strong>2010<\/strong><br><em>\u2022 Back Cover<\/em>&nbsp;n\u00ba3, collectif, B42-08<br><em>\u2022 Le D\u00e9tail en typographie<\/em>, Jost Hochuli, B42-10<br><em>\u2022 Chapitre III (Les r\u00e9cits autoris\u00e9s)<\/em>, Yoann Gourmel (dir.), B42-14<br><em>\u2022 Un plan simple<\/em>, collectif, B42-13<br><em>\u2022 Double Page<\/em>, Catherine de Smet, Christoph Keller, J\u00e9r\u00f4me Saint-Loubert Bi\u00e9 (dir.), B42-07<br><em>\u2022 Didier Courbot. Seven Diamonds Needs<\/em>, collectif, B42-09<br><em>\u2022 Gyan Panchal<\/em>, Simone Menegoi, Joana Neves, B42-11<br><em>\u2022 Le Vertige du funambule<\/em>, Annick Lantenois, B42-12<\/p><p><strong>2011<\/strong><br><em>\u2022 A Chronicle of Skateboarding<\/em>, Rapha\u00ebl Zarka, B42-19<br><em>\u2022 Back Cover n\u00ba4<\/em>, collectif, B42-15<br><em>\u2022 La Conjonction Interdite<\/em>, Rapha\u00ebl Zarka, B42-20<br><em>\u2022 Dossier Robinson<\/em>, C\u00e9cilia Becanovic (dir.), B42-18<br><em>\u2022 Architecture et typographie<\/em>, collectif, B42-21<br><em>\u2022 Free Ride<\/em>, Rapha\u00ebl Zarka, B42-16<br><em>\u2022 Fr\u00e9d\u00e9ric Teschner.&nbsp;Le secret des anneaux de Saturne,&nbsp;<\/em>collectif, B42-25<br><em>\u2022 Lire \u00e0 l\u2019\u00e9cran<\/em>, Annick Lantenois (dir.), B42-17<br><em>\u2022 Qu\u2019est-ce qu\u2019un designer<\/em>, Norman Potter, B42-24<\/p><p><strong>2012<\/strong><br><em>\u2022 Martin Szekely. Ne plus dessiner<\/em>, Fran\u00e7oise Guichon, Philippe Alain-Michaud, B42-26<br><em>\u2022 Pour une critique du design graphique<\/em>, Catherine de Smet, B42-23<br><em>\u2022 La Typographie moderne<\/em>, Robin Kinross, B42-27<br><em>\u2022 Back Cover n\u00ba5<\/em>, collectif, B42-28<br><em>\u2022 Ever Living Ornaments<\/em>, Jeanne Qu\u00e9heillard (dir.), B42-29<br><em>\u2022 Search Terms: basse d\u00e9f<\/em>, Nicolas Th\u00e9ly (dir.), B42-31<br><em>\u2022 I Am Andrea Crews<\/em>, Lauren Bastide, Lorent Idir, Florence Parot, B42-34<br><em>\u2022 Rapha\u00ebl Zarka<\/em>, collectif, B42-33<\/p><p><strong>2013<\/strong><br><em>\u2022 Sorci\u00e8re. Pourchass\u00e9es, assum\u00e9es, puissantes, queer<\/em>, Anna Colin (dir.), B42-37<br><em>\u2022 Le Transformateur<\/em>, Marie Neurath et Robin Kinross, B42-35<br><em>\u2022 D\u00e9sordres<\/em>, collectif, B42-38<br><em>\u2022 .TXT 1<\/em>, collectif, B42-36<br><em>\u2022 Premi\u00e8re construction pour une collection nomade<\/em>, collectif, B42-40<br><em>\u2022 Les Prairies \u2013 Biennale de Rennes<\/em>, Anne Bonnin (dir.), B42-39<br><em>\u2022 Astronomicon<\/em>, Fanette Mellier, B42-41<br><em>\u2022 Sauce b\u00e9arnaise syndrome<\/em>, Anthony Duch\u00eane, B42-48<br><em>\u2022 Le Vertige du funambule<\/em>, Annick Lantenois (r\u00e9\u00e9d.), B42-52<br><em>\u2022 Back Cover n\u00ba6<\/em>, sp\u00e9cial Japon, Alexandre Dimos (dir.), B42-47<br><em>\u2022 L\u2019\u00c9cartelage ou l\u2019\u00e9criture de l\u2019espace d\u2019apr\u00e8s Pierre Faucheux<\/em>, J\u00e9r\u00f4me Dupeyrat, Catherine Guiral (dir.), B42-45<\/p><p><strong>2014<\/strong><br><em>\u2022 Transmettre l\u2019histoire<\/em>, Gilles Rouffineau (dir.), B42-32<br><em>\u2022 Voir le Voir<\/em>, John Berger, B42-51<br><em>\u2022 G\u00e9oesth\u00e9tique<\/em>, Le Peuple qui manque (dir.), B42-49<br><em>\u2022 Max Bill\/Jan Tschichold. La Querelle typographique des modernes<\/em>, Hans Rudolf Bosshard, Jost Hochuli, B42-50<br><em>\u2022 L\u2019heure des sorci\u00e8res<\/em>, Anna Colin (dir.), B42-55<br><em>\u2022 Collection du Frac des Pays de la Loire 2012<\/em>, collectif, B42-42<br><em>\u2022 The Secretary Blouse<\/em>, Armand Jalut, B42-58<br><em>\u2022 Le Futur n\u2019existe pas : r\u00e9trotypes<\/em>, Alain Bublex, Elie During, B42-43<br><em>\u2022 The Future does not Exist: Retrotypes<\/em>, Alain Bublex, Elie During, B42-54<br><em>\u2022 Les Contrepoin\u00e7ons<\/em>, Fred Smeijers, B42-53<\/p><p><strong>2015<\/strong><br><em>\u2022 Voir l\u2019architecture<\/em>, Annick Lantenois et Gilles Rouffineau (dir.), B42-56<br><em>\u2022 L\u2019Ab\u00e9c\u00e9daire d\u2019un typographe<\/em>, Jost Hochuli, B42-57<br><em>\u2022 Pendant la lecture<\/em>, Gerard Unger, B42-59<br><em>\u2022 .TXT 2<\/em>, collectif, B42-61<br><em>\u2022 le monde comme projet<\/em>, Otl Aicher, B42-60<br><em>\u2022 Das Detail in der Typografie<\/em>, Jost Hochuli, B42-65<br><em>\u2022 Jochen Gerner<\/em>, Christophe Gallois, Tom McCarthy, B42-64<br><em>\u2022 A book from deValence<\/em>, collectif, B42-62<br><em>\u2022 Detail in typography<\/em>, Jost Hochuli, B42-66<br><em>\u2022 Le D\u00e9tail en typographie<\/em>, Jost Hochuli, (r\u00e9\u00e9d.), B42-10-02<\/p><p><strong>2016<\/strong><br><em>\u2022 Le Chercheur et ses doubles<\/em>, Sandra Delacourt, Katia Schneller et Vanessa Theodoropoulou (dir.), B42-67<br><em>\u2022 Ramper, d\u00e9doubler. Collecte coloniale et affect,<\/em>&nbsp;Mathieu Abonnenc, Lotte Arndt et Catalina Lozano (dir.), B42-68<br><em>\u2022 \u00c9tudes sur le collectif Grapus, 1970-1990\u2026,<\/em>&nbsp;Catherine de Smet et B\u00e9atrice Fraenkel (dir.), B42-70<br><em>\u2022 L\u2019id\u00e9e de confort, une anthologie. Du zazen au tourisme spatial<\/em>, Tony C\u00f4me et Juliette Pollet (dir.), B42-73<br><em>\u2022 Post-Digital Print<\/em>, Alessandro Ludovico, B42-75<br><em>\u2022 Back Cover n\u00ba7<\/em>, collectif, B42-63<br><em>\u2022 Devenir un expert du Rakugaki<\/em>, Bunpei Yorifuji, B42-76<\/p><p><strong>2017<\/strong><br><em>\u2022 Back Office n\u00ba1<\/em>, collectif, B42-80<br><em>\u2022 L\u2019Institut environnement, une \u00e9cole d\u00e9cloisonn\u00e9e<\/em>, Tony C\u00f4me, B42-74<br><em>\u2022 Celui qui pourrait changer le monde<\/em>, Aaron Swartz, B42-77<br><em>\u2022 Contre-temps<\/em>, Pierre-Damien Huyghe, B42-81<br><em>\u2022 Ne plus dessiner<\/em>, Martin Szekely, B42-82<br><em>\u2022 Artefact, Map, Mani\u00e8re noire, Far<\/em>, Martin Szekely, B42-83<br><em>\u2022 Construction<\/em>, Martin Szekely, B42-84<br><em>\u2022 La Piste rouge<\/em>, Marie Voignier, B42-85<br><em>\u2022 Riding Modern Art<\/em>, Rapha\u00ebl Zarka, B42-87<br><em>\u2022 Free Ride<\/em>, Rapha\u00ebl Zarka (r\u00e9\u00e9d.), B42-88<br><em>\u2022 La Boule de p\u00e9tanque<\/em>, collectif, B42-86<br><em>\u2022 The Petanque Boule<\/em>, collectif, B42-91<br><em>\u2022 Design et humanit\u00e9s num\u00e9riques<\/em>, Anthony Masure, B42-72<br><em>\u2022 Civic City. Notes pour le design d\u2019une ville sociale,<\/em>&nbsp;collectif, Jesko Fezer et Matthias G\u00f6rlich (dir.), B42-79<br><em>\u2022 Design graphique, les formes de l\u2019histoire<\/em>, Catherine de Smet (dir), B42-90<\/p><p><strong>2018<\/strong><br><em>\u2022 Art Queer. Une th\u00e9orie Freak<\/em>, Renate Lorenz, B42-93<br><em>\u2022 Qu\u2019est-ce qu\u2019un designer<\/em>, Norman Potter, (r\u00e9\u00e9d.), B42-100<br><em>\u2022 Concevoir \u00e0 grande \u00e9chelle<\/em>, Mathieu Mercuriali, B42-97<br><em>\u2022 .TXT 3<\/em>, collectif, B42-89<br><em>\u2022 La Vie merveilleuse des \u00e9l\u00e9ments<\/em>, Bunpei Yorifuji, B42-95<br><em>\u2022 Back Office n\u00ba2<\/em>, collectif, B42-98<br><em>\u2022 Lieux Infinis<\/em>, Encore Heureux (dir.), B42-101<br><em>\u2022 Des hi\u00e9roglyphiques \u00e0 l\u2019Isotype<\/em>, Otto Neurath, B42-78<br><em>\u2022 \u00c9ditions off-line<\/em>, Gilles Rouffineau, B42-71<br><em>\u2022 La Gentrification des esprits<\/em>, Sarah Schulman, B42-104<br><em>\u2022 Lettres de Toulouse<\/em>, Fran\u00e7ois Chastanet (dir.), B42-96<br><em>\u2022 Au c\u0153ur du caca<\/em>, Bunpei Yorifuji, B42-107<br><em>\u2022 Mon mus\u00e9e de la Coca\u00efne<\/em>, Michael Taussig, B42-102<br><em>\u2022 Jeu de construction<\/em>, Paul Cox, B42-103<\/p><p><strong>2019<\/strong><br>\u2022&nbsp;<em>Int\u00e9rieurs. Les ann\u00e9es 1980-1990<\/em>, Martin Szekely, B42-105<br>\u2022&nbsp;<em>Villa Greystones,&nbsp;<\/em>Martin Szekely, B42-106<br>\u2022&nbsp;<em>La Typographie moderne<\/em>, Robin Kinross, B42-109<br>\u2022&nbsp;<em>Terra Forma. Manuel de cartographies potentielles,&nbsp;<\/em>Fr\u00e9d\u00e9rique A\u00eft-Touati, Alexandra Ar\u00e8nes, Axelle Gr\u00e9goire, B42-110<br>\u2022&nbsp;<em>L\u2019Artiste-chercheur. Un r\u00eave am\u00e9ricain au prisme de Donald Judd<\/em>, Sandra Delacourt, B42-111<br>\u2022&nbsp;<em>B comme Bauhaus<\/em>, Deyan Sudjic, B42-92<br>\u2022&nbsp;<em>Fr\u00e9d\u00e9ric Teschner<\/em>, collectif, B42-99<br>\u2022&nbsp;<em>Back Office n\u00ba3<\/em>, collectif, B42-112<br>\u2022&nbsp;<em>Le Catalogue de la mort<\/em>, Bunpei Yorifuji, B42-115<br>\u2022&nbsp;<em>Pour une esth\u00e9tique de l\u2019\u00e9mancipation<\/em>, Isabelle Alfonsi, B42-113<br>\u2022&nbsp;<em>Systems as Playgrounds. deValence at Kyoto ddd gallery<\/em>, Collectif, B42-116<br>\u2022&nbsp;<em>Modern Typography<\/em>, Robin Kinross, B42-117<br>\u2022&nbsp;<em>Architecture de la contre-r\u00e9volution. L\u2019arm\u00e9e fran\u00e7aise dans le nord de l\u2019Alg\u00e9rie<\/em>, Samia Henni, B42-120<br>\u2022&nbsp;<em>Paris Couleurs. G\u00e9rard Ifert, ektachromes, 1953-1954<\/em>, Catherine de Smet, B42-123<\/p><p><strong>2020<\/strong><br>\u2022&nbsp;<em>Unjustified Texts<\/em>, Robin Kinross, B42-118<br>\u2022&nbsp;<em>Pour une critique du design graphique<\/em>, Catherine de Smet, B42-119<br>\u2022&nbsp;<em>Technique et design graphique. Outils, m\u00e9dias, savoirs<\/em>, Vivien Philizot et J\u00e9r\u00f4me Saint-Loubert-Bi\u00e9 (dir.), B42-121<br>\u2022&nbsp;<em>Visualisation. L\u2019interpr\u00e9tation mod\u00e9lisante<\/em>, Johanna Drucker, B42-124<br>\u2022&nbsp;<em>M\u00e9lancolie postcoloniale<\/em>, Paul Gilroy, B42-126<br>\u2022&nbsp;<em>Le Jeu de la guerre de Guy Debord. L\u2019\u00e9mancipation comme projet<\/em>, Emmanuel Guy, B42-128<br>\u2022&nbsp;<em>Un design de livre syst\u00e9matique ?<\/em>, Jost Hochuli, John Morgan (pr\u00e9face), B42-144<br>\u2022&nbsp;<em>Le Syst\u00e8me Minard<\/em>,&nbsp;Sandra Rendgen, B42-145<\/p><p><strong>2021<\/strong><br>\u2022&nbsp;<em>Le conflit n\u2019est pas une agression. Rh\u00e9torique de la souffrance, responsabilit\u00e9 collective et devoir de r\u00e9paration<\/em>, Sarah Schulman, B42-148<br>\u2022&nbsp;<em>Ailanthus Altissima. Une monographie situ\u00e9e de l\u2019ailante<\/em>, Simon Boudvin, B42-143<br>\u2022&nbsp;<em>Back Office n\u00ba4<\/em>, collectif, B42-151<br>\u2022&nbsp;<em>Oiseaux. Inventaire chromatique r\u00e9el et imaginaire<\/em>, Jochen Gerner, Emanuele Coccia (pr\u00e9face), B42-150<br>\u2022&nbsp;<em>L\u2019Oxymore<\/em>, Joseph Schiano di Lombo et Fanette Mellier, B42-155<br>\u2022&nbsp;<em>Wim Crouwel. Architecture typographique<\/em>, Emmanuel B\u00e9rard, Wim Crouwel et Catherine de Smet, B42-147<br>\u2022&nbsp;<em>Morts ou vifs. Pour une \u00e9cologie des arts vivants<\/em>, Julie Sermon, B42-154<br>\u2022&nbsp;<em>Le Dessin et les Mots. R\u00e9flexions sur la pratique du design,&nbsp;<\/em>Bunpei Yorifuji, B42-149<br>\u2022&nbsp;<em>S\u2019asseoir au Louvre,&nbsp;<\/em>Martin Szekely, B42-153<br>\u2022&nbsp;<em>Open design. Fabrication num\u00e9rique et mouvement maker,&nbsp;<\/em>Camille Bosqu\u00e9, B42-158<br>\u2022&nbsp;<em>Palma africana,&nbsp;<\/em>Michael Taussig, B42-159<br>\u2022&nbsp;<em>L\u2019\u00e9chelle de l\u2019esprit. Ressentir les nombres par le dessin,&nbsp;<\/em>Bunpei Yorifuji, B42-160<br>\u2022&nbsp;<em>L\u2019art du designer,&nbsp;<\/em>Paul Rand, B42-146<br>\u2022&nbsp;<em>Paris ville invisible,&nbsp;<\/em>Emilie Hermant et Bruno Latour, B42-161<br>\u2022&nbsp;<em>La Fabrique de Fanette Mellier,&nbsp;<\/em>Alexandre Dimos, Francine Foulquier et Victor Gu\u00e9gan, B42-156<\/p><p><strong>2022<\/strong><br>\u2022&nbsp;<em>\u00c9crits d\u2019artistes sur l\u2019\u00e9conomie, une anthologie. De modestes propositions<\/em>, Sophie Cras (dir.)<em>,<\/em>&nbsp;B42-162<br>\u2022&nbsp;<em>Des livres reli\u00e9s en peau humaine. Enqu\u00eate sur la bibliop\u00e9gie anthropodermique<\/em>, Megan Rosenbloom, B42-164<br>\u2022&nbsp;<em>Num\u00e9rique. La tentation du service<\/em>, Pierre-Damien Huyghe,&nbsp;B42-171<br>\u2022&nbsp;<em>Mes \u00e9coutes<\/em>, Dominique Petitgand,&nbsp;B42-166<br>\u2022&nbsp;<em>Chronologie lacunaire du skateboard, 1779-2009. Une journ\u00e9e sans vague<\/em>, Rapha\u00ebl Zarka,&nbsp;B42-168<br>\u2022&nbsp;<em>La Conjonction interdite. Notes sur le skateboard<\/em>, Rapha\u00ebl Zarka,&nbsp;B42-167<br>\u2022&nbsp;<em>Riding Modern Art<\/em>, Rapha\u00ebl Zarka,&nbsp;B42-169<br>\u2022&nbsp;<em>The Drawers and I, Moon Wood, Mati\u00e8re Lente, Martin et Pierre, Opus<\/em>, Martin Szekely,&nbsp;B42-172<br>\u2022&nbsp;<em>Avec le dessin<\/em>, Pierre Charpin,&nbsp;B42-175<br>\u2022&nbsp;<em>Ab\u00e9c\u00e9daire de la beaut\u00e9<\/em>, Cl\u00e9lia Zernik et Justin Jaricot (dir.),&nbsp;B42-173<br>\u2022&nbsp;<em>La Fabrique d\u2019Etienne Robial<\/em>, Antoine Guillot,&nbsp;B42-157<br>\u2022&nbsp;<em>\u00c9couter, assembler. Quai M, un chantier habit\u00e9 par Compagnie architecture \u00e0 la Roche-sur-Yon<\/em>, Edith Hallauer et Julia Vallv\u00e9,&nbsp;B42-176<br>\u2022&nbsp;<em>Trilogie terrestre<\/em>, Fr\u00e9d\u00e9rique A\u00eft-Touati et Bruno Latour,&nbsp;B42-152<br>\u2022&nbsp;<em>Femme, indig\u00e8ne, autre. \u00c9crire le f\u00e9minisme et la postcolonialit\u00e9<\/em>, Trinh T. Minh-ha,&nbsp;B42-179<br>\u2022&nbsp;<em>Cahier d\u2019exploration graphique<\/em>, Sophie Cure et Aur\u00e9lien Farina,&nbsp;B42-178<br>\u2022&nbsp;<em>Constellations<\/em>, Sophie Cure et Aur\u00e9lien Farina,&nbsp;B42-181<br>\u2022&nbsp;<em>Maillages<\/em>, Sophie Cure et Aur\u00e9lien Farina,&nbsp;B42-182<\/p><p><strong>2023<\/strong><br>\u2022&nbsp;<em>Penser l&#8217;action. Syst\u00e8me d&#8217;entra\u00eenement de l<\/em>&#8216;<em>acteur<strong>\u00b7<\/strong>ice<\/em>, Yvane Chapuie et Oscar G\u00f3mez Mata<em>,<\/em>&nbsp;B42-180<br>\u2022&nbsp;<em>Principes \u00e9l\u00e9mentaires de la typographie. Une histoire des styles<\/em>, Robert Bringhurst, B42-165<br>\u2022&nbsp;<em>Un roman dahom\u00e9en. Francis Aupiais et Bernanrd Maupoil, deux ethnologues en terrain colonial<\/em>, Val\u00e9rie Perl\u00e8s, B42-185<br>\u2022&nbsp;<em>L&#8217;Id\u00e9e de mode. Une nouvelle histoire<\/em>, t. 1, \u00c9milie Hammen, B42-186<br>\u2022&nbsp;<em>Qu\u2019est-ce qu&#8217;un designer. Objets, lieux, messages<\/em>, Norman Potter, B42-188<br>\u2022&nbsp;<em>Back office n\u00ba5<\/em>, collectif, B42-191<br>\u2022&nbsp;<em>Terra Forma. Manuel de cartographies potentielles,&nbsp;<\/em>Fr\u00e9d\u00e9rique A\u00eft-Touati, Alexandra Ar\u00e8nes, Axelle Gr\u00e9goire, B42-195<br>\u2022&nbsp;<em>La Syntaxe de l&#8217;image. Introduction \u00e0 l&#8217;alphab\u00e9tisation visuelle<\/em>, Donis A. Dondis, B42-190<br>\u2022&nbsp;<em>Chiens. Inventaire graphique authentique et fictif<\/em>, Jochen Gerner, B42-193<br>\u2022&nbsp;<em>Dogs. Authentic and Fictitious Inventory<\/em>, Jochen Gerner, B42-203<br>\u2022&nbsp;<em>La Fabrique de Rudi Meyer<\/em>, Tony C\u00f4me et Alexandre Dimos, B42-174<br>\u2022&nbsp;<em>Jouer. Outils, pratiques, concepts \u00e0 l&#8217;usage des actrices et des acteurs<\/em> (t. 1), Daria Lippi et Juliette Salmon,&nbsp;B42-204<br>\u2022&nbsp;<em>Les Savoir-faire de la mode: Sources<\/em>, \u00c9milie Hammen (dir.),&nbsp;B42-200<br>\u2022&nbsp;<em>The Crafts of Fashion: Sources<\/em>, \u00c9milie Hammen (Ed.),&nbsp;B42-206<br>\u2022&nbsp;<em>La Typographie post-binaire. Au-del\u00e0 de l&#8217;\u00e9criture inclusive<\/em>, Camille Circlude,&nbsp;B42-202<br>\u2022&nbsp;<em>La Grande r\u00e9volution domestique. Une histoire de l&#8217;architecture f\u00e9ministe<\/em>, Dolores Hayden,&nbsp;B42-196<br>\u2022&nbsp;<em>\u00c9cussons<\/em>, Sophie Cure et Aur\u00e9lien Farina,&nbsp;B42-198<br>\u2022&nbsp;<em>Alliances<\/em>, Sophie Cure et Aur\u00e9lien Farina,&nbsp;B42-201<br>\u2022&nbsp;<em>Typobiographie. Jost Hochuli, 60 ans de travaux<\/em>, collectif,&nbsp;B42-194<br>\u2022&nbsp;<em>Typobiography. Jost Hochuli, the work of 60 years<\/em>, collectif,&nbsp;B42-205<\/p><p><strong>2024<\/strong><br>\u2022&nbsp;<em>Dans la polyphonie d\u2019une \u00eele. Les fictions coloniales du s\u00e9ga mauricien<\/em>, Caroline D\u00e9odat,&nbsp;B42-189<br>\u2022 <em>Au c<em>\u0153<\/em>ur de la couleur<\/em>, Andr\u00e9 Lemonnier et Clo\u00e9 Pitiot, B42-197<br>\u2022 <em>La mode comme indiscipline<\/em>, Mathieu Buard, C\u00e9line Mallet et Aur\u00e9lie Mosse (dir.), B42-177<br>\u2022 <em>Une bonne description. Quatre \u00e9tudes autour de Gregory Bateson, Ray L. Birdwhistell et Margaret Mead<\/em>, Christophe Kihm (dir.), B42-210<br>\u2022 <em>Les liens qui emp\u00eachent. L&#8217;homophobie familiale et ses cons\u00e9quences<\/em>, Sarah Schulman, B42-211<br>\u2022 <em>Beau caillou<\/em>, Alexandre Dimos et St\u00e9phanie Lacombe, B42-214<br>\u2022 <em>Mati\u00e8res spectrales. Sociologie des fant\u00f4mes<\/em>, Avery F. Gordon, B42-212<br>\u2022 <em>Les Savoir-faire de la mode: G\u00e9ographies<\/em>, \u00c9milie Hammen (dir.), B42-209<br>\u2022 <em>The Crafts of Fashion: Geographies<\/em>, \u00c9milie Hammen (Ed.), B42-210<br>\u2022 <em>Caniscope<\/em>, Jochen Gerner, B42-213<br>\u2022 <em>Rester. \u00c9tranger<\/em>, La famille Rester. \u00c9tranger, B42-215<br>\u2022 <em>D\u00e9robades. Rodin et Balzac en robe de chambre<\/em>, Marine Kisiel, B42-217<br>\u2022 <em>Jouer. Outils, pratiques, concepts \u00e0 l&#8217;usage des actrices et des acteurs <\/em>(t. 2), Daria Lippi et Juliette Salmon, B42-221<br>\u2022 <em>R\u00e9unir les bouts du monde. Art, histoire, esclavage en m\u00e9moire<\/em>, Elvan Zabunyan, B42-218<br>\u2022 <em>Journal. Choses vues et dessin\u00e9es (2019-2023)<\/em>, Jochen Gerner, B42-222<br><\/p><p><strong>2025<\/strong><br>\u2022&nbsp;<em>Comment l&#8217;Europe sous d\u00e9veloppa l&#8217;Afrique<\/em>, Walter Rodney,&nbsp;B42-223<br>\u2022 <em>La Fabrique de Pierre Charpin<\/em>, Pierre Charpin, B42-224<br>\u2022 <em>Ga\u00efagraphie. Carnet d&#8217;exploration de la zone critique<\/em>, Alexandra Ar\u00e8nes, B42-220<br>\u2022 <em>La Fabrique de Pinaffo &amp; Pluvinage<\/em>, Tony C\u00f4me, B42-225<br>\u2022 <em>Poussi\u00e8res d&#8217;oiseaux. Une autre histoire de la mission Dakar-Djibouti<\/em>, Julien Bondaz, B42-228<br>\u2022 <em>Apr\u00e8s la typographie. Imprimerie industrielle et avant-gardes artistiques<\/em>, Victor Gu\u00e9gan, B42-227<br>\u2022 <em>La Zone. Une histoire alternative de Paris<\/em>, Justinien Tribillon, B42-230<br>\u2022 <em>Look at jazz<\/em>, Helmo, B42-232<br>\u2022 <em>G\u00e9rard Ifert. Anti-h\u00e9ros du design<\/em>, Catherine de Smet (dir.), B42-226<br>\u2022 <em>Paint Every Day. Camila Oliveira Fairclough<\/em>, textes de Victor Gu\u00e9gan et Jill Gasparina, B42-234<br>\u2022 <em>Les Savoir-faire de la mode: Taxonomies<\/em>, \u00c9milie Hammen (dir.), B42-236<br>\u2022 <em>The Crafts of Fashion: Taxonomies<\/em>, \u00c9milie Hammen (Ed.), B42-236<br>\u2022 <em>Composer en danse. Un vocabulaire des op\u00e9rations et des pratiques<\/em>, Yvane Chapuis, Myriam Gourfink et Julie Perrin (dir.), B42-235<br>\u2022 <em>ECHO, DELAY, REVERB. Art am\u00e9ricain et pens\u00e9es francophones<\/em>, Naomi Beckwith et Elvan Zabunyan (dir.), B42-239<br>\u2022 <em>Pour une critique du design graphique<\/em>, Catherine de Smet (dir.), B42-238<br>\u2022 <em>Christian Hidaka. Paintings<\/em>, texte par Peter Read, B42-231<\/p>","protected":false},"excerpt":{"rendered":"<p>2008\u2022 Back Cover&nbsp;n\u00ba1, collectif, B42-00\u2022 Grand chaos et tiroirs,&nbsp;Claire Moul\u00e8ne&nbsp;et Mathilde Villeneuve (dir.), B42-01 2009\u2022 H5. This is the end, Alexis Bernier, Adrian Shaughnessy, Yorgo Tloupas, B42-03\u2022 Le Gouvernail hydraulicien,&nbsp;Anthony Duch\u00eane, \u00c9mile Soulier, B42-04\u2022 Back Cover&nbsp;n\u00ba2, collectif, B42-02\u2022 Chronologie lacunaire du skateboard, Rapha\u00ebl Zarka, B42-06\u2022 Evariste Richer. Slow Snow,&nbsp;collectif, B42-05 2010\u2022 Back Cover&nbsp;n\u00ba3, collectif, B42-08\u2022 [&hellip;]<\/p>\n","protected":false},"author":2,"featured_media":0,"parent":0,"menu_order":0,"comment_status":"closed","ping_status":"closed","template":"","meta":{"_acf_changed":false,"_seopress_robots_primary_cat":"","_seopress_titles_title":"","_seopress_titles_desc":"","_seopress_robots_index":"","footnotes":""},"class_list":["post-28595","page","type-page","status-publish","hentry"],"acf":[],"jetpack_sharing_enabled":true,"_links":{"self":[{"href":"https:\/\/editions-b42.com\/en\/wp-json\/wp\/v2\/pages\/28595","targetHints":{"allow":["GET"]}}],"collection":[{"href":"https:\/\/editions-b42.com\/en\/wp-json\/wp\/v2\/pages"}],"about":[{"href":"https:\/\/editions-b42.com\/en\/wp-json\/wp\/v2\/types\/page"}],"author":[{"embeddable":true,"href":"https:\/\/editions-b42.com\/en\/wp-json\/wp\/v2\/users\/2"}],"replies":[{"embeddable":true,"href":"https:\/\/editions-b42.com\/en\/wp-json\/wp\/v2\/comments?post=28595"}],"version-history":[{"count":1,"href":"https:\/\/editions-b42.com\/en\/wp-json\/wp\/v2\/pages\/28595\/revisions"}],"predecessor-version":[{"id":33843,"href":"https:\/\/editions-b42.com\/en\/wp-json\/wp\/v2\/pages\/28595\/revisions\/33843"}],"wp:attachment":[{"href":"https:\/\/editions-b42.com\/en\/wp-json\/wp\/v2\/media?parent=28595"}],"curies":[{"name":"wp","href":"https:\/\/api.w.org\/{rel}","templated":true}]}}